{"id":6064,"date":"2024-01-16T00:10:22","date_gmt":"2024-01-15T21:10:22","guid":{"rendered":"http:\/\/grandroyalistanbul.com\/returns-and-sales-agreement\/"},"modified":"2024-01-26T20:21:30","modified_gmt":"2024-01-26T17:21:30","slug":"returns-and-sales-agreement","status":"publish","type":"page","link":"https:\/\/www.grandroyalistanbul.com\/en\/returns-and-sales-agreement\/","title":{"rendered":"Returns and Sales Agreement"},"content":{"rendered":"\n<p>This Sales Agreement (&#8220;Agreement&#8221;) is entered into between the parties set out below:<\/p>\n\n\n\n<p><strong>SELLER<\/strong><br>Trade Name: GRAND ROYAL TOURISM HOTEL COMPANY<br>Address: G\u00dcM\u00dc\u015eYAKA MAH. IZZET CAD. NO:189D SI\u0307LI\u0307VRI\u0307 &#8211; SI\u0307LI\u0307VRI\u0307 \/ ISTANBUL \/ TURKEY<br>Tax Identification Number: 4111014318<\/p>\n\n\n\n<p><strong>RECIPIENT<\/strong><br>Name\/Surname: [Al\u0131c\u0131n\u0131n Ad\u0131]<br>Trade Name (if applicable): [Al\u0131c\u0131n\u0131n Ticari \u00dcnvan\u0131]<br>Address: [Al\u0131c\u0131n\u0131n Adresi]<br>Tax Identification Number: [Al\u0131c\u0131n\u0131n Vergi Kimlik Numaras\u0131]<\/p>\n\n\n\n<p><strong>1. SUBJECT<br><\/strong>This contract is for the purchase of accommodation services at a hotel operated by the seller.<\/p>\n\n\n\n<p><strong>2. SERVICES<br><\/strong>2.1. The vendor provides accommodation services at its hotel for a fee.<br>2.2. The buyer wishes to benefit from the accommodation service for the specified dates and duration.<br>2.3. Booking accommodation involves the allocation of a specific room and date range. This reservation is subject to the conditions agreed by the parties.<\/p>\n\n\n\n<p><strong>3. PRICE AND PAYMENT TERMS<br><\/strong>3.1. The total cost of the accommodation service is determined depending on the type of room chosen by the recipient and the duration of the stay.<br>3.2. The Buyer undertakes to pay for the accommodation service.<br>3.3. Payment can be made in cash when the reservation is confirmed or upon arrival.<\/p>\n\n\n\n<p><strong>4. RESERVATION CANCELLATION<br><\/strong>4.1. The Buyer must give notice if he wishes to cancel the booking.<br>4.2. In the event of cancellation of the reservation, it is at the discretion of the seller to refund the price paid by the buyer or to postpone it to a later date.<\/p>\n\n\n\n<p><strong>5. RETURN CONDITIONS<br><\/strong>5.1. The Buyer is subject to certain conditions in case of cancellation or modification of the reservation.<br>5.2. For canceled reservations, the refund amount will be deducted from the total amount paid by the buyer.<br>5.3. Refund requests must be notified in a timely manner. The evaluation of late claims is at the discretion of the seller.<\/p>\n\n\n\n<p><strong>6. RETURN PROCESS<br><\/strong>6.1. If the buyer wishes to cancel or change his\/her reservation, he\/she must notify the seller in writing.<br>6.2. The return process may vary depending on the method of payment by the recipient. In cases where the payment was made by credit card, the refund can be made to the same credit card.<\/p>\n\n\n\n<p><strong>7. LIMITATION OF LIABILITY<br><\/strong>7.1. The Seller does not accept any responsibility for any disruption or problem arising out of force majeure (natural disasters, strikes, etc.).<br>7.2. The buyer is fully responsible for his\/her belongings and valuables in the hotel.<\/p>\n\n\n\n<p><strong>8. VALIDITY AND TERMINATION<br><\/strong>8.1 This agreement becomes valid on the date of its signature between the parties.<br>8.2 Either party may terminate the agreement by giving written notice to the other party.<\/p>\n\n\n\n<p><strong>SELLER<\/strong><br>GRAND ROYAL TOURISM HOTEL COMPANY<br>[Date]<\/p>\n\n\n\n<p>           <strong>RECIPIENT<\/strong>           <br>           [Guest Signature]         <\/p>\n","protected":false},"excerpt":{"rendered":"<p>This Sales Agreement (&#8220;Agreement&#8221;) is entered into between the parties set out below: SELLERTrade Name: GRAND ROYAL TOURISM HOTEL COMPANYAddress: G\u00dcM\u00dc\u015eYAKA MAH. IZZET CAD. NO:189D SI\u0307LI\u0307VRI\u0307 &#8211; SI\u0307LI\u0307VRI\u0307 \/ ISTANBUL \/ TURKEYTax Identification Number: 4111014318 RECIPIENTName\/Surname: [Al\u0131c\u0131n\u0131n Ad\u0131]Trade Name (if applicable): [Al\u0131c\u0131n\u0131n Ticari \u00dcnvan\u0131]Address: [Al\u0131c\u0131n\u0131n Adresi]Tax Identification Number: [Al\u0131c\u0131n\u0131n Vergi Kimlik Numaras\u0131] 1. SUBJECTThis contract [&hellip;]<\/p>\n","protected":false},"author":1,"featured_media":0,"parent":0,"menu_order":0,"comment_status":"closed","ping_status":"closed","template":"","meta":{"footnotes":""},"class_list":["post-6064","page","type-page","status-publish","hentry","post-no-thumbnail"],"_links":{"self":[{"href":"https:\/\/www.grandroyalistanbul.com\/en\/wp-json\/wp\/v2\/pages\/6064","targetHints":{"allow":["GET"]}}],"collection":[{"href":"https:\/\/www.grandroyalistanbul.com\/en\/wp-json\/wp\/v2\/pages"}],"about":[{"href":"https:\/\/www.grandroyalistanbul.com\/en\/wp-json\/wp\/v2\/types\/page"}],"author":[{"embeddable":true,"href":"https:\/\/www.grandroyalistanbul.com\/en\/wp-json\/wp\/v2\/users\/1"}],"replies":[{"embeddable":true,"href":"https:\/\/www.grandroyalistanbul.com\/en\/wp-json\/wp\/v2\/comments?post=6064"}],"version-history":[{"count":0,"href":"https:\/\/www.grandroyalistanbul.com\/en\/wp-json\/wp\/v2\/pages\/6064\/revisions"}],"wp:attachment":[{"href":"https:\/\/www.grandroyalistanbul.com\/en\/wp-json\/wp\/v2\/media?parent=6064"}],"curies":[{"name":"wp","href":"https:\/\/api.w.org\/{rel}","templated":true}]}}